{"id":205,"date":"2014-03-17T09:41:19","date_gmt":"2014-03-17T08:41:19","guid":{"rendered":"http:\/\/inforef.be\/exterieurs\/formeduc_wp\/?page_id=205"},"modified":"2015-01-04T20:26:35","modified_gmt":"2015-01-04T19:26:35","slug":"partenaires","status":"publish","type":"page","link":"https:\/\/formeduc.be\/?page_id=205","title":{"rendered":"Partenaires"},"content":{"rendered":"<div id=\"yui_3_16_0_1_1420399340836_2354\" class=\"body undoreset\" tabindex=\"0\">\n<div id=\"yui_3_16_0_1_1420399340836_2353\" class=\"email-wrapped\">\n<div id=\"yiv3224025572\">\n<div id=\"yui_3_16_0_1_1420399340836_2352\"><span id=\"yui_3_16_0_1_1420399340836_2357\" style=\"color: #3333ff;\">L\u2019APDES se veut un lieu de repr\u00e9sentation des \u00e9ducateurs sp\u00e9cialis\u00e9s. Elle se veut un lieu o\u00f9 une identit\u00e9 commune, avec les multiples facettes du m\u00e9tier, peut se construire et s\u2019\u2019unifier. On le sait, c\u2019est l\u2019appartenance \u00e0 un groupe et la construction d\u2019un discours collectif sur un m\u00e9tier qui permet sa lisibilit\u00e9 et qui donne une l\u00e9gitimit\u00e9 \u00e0 ses actions.\u00a0\u00bb<\/span><\/div>\n<\/div>\n<\/div>\n<\/div>\n<h2 style=\"text-align: center;\"><\/h2>\n<h2 style=\"text-align: center;\"><a href=\"http:\/\/www.apdes.be\/\"><img loading=\"lazy\" decoding=\"async\" class=\"wp-image-258\" src=\"http:\/\/inforef.be\/exterieurs\/formeduc_wp\/wp-content\/uploads\/2014\/03\/apdes-300x300.jpg\" alt=\"apdes\" width=\"244\" height=\"244\" srcset=\"https:\/\/formeduc.be\/wp-content\/uploads\/2014\/03\/apdes-300x300.jpg 300w, https:\/\/formeduc.be\/wp-content\/uploads\/2014\/03\/apdes-150x150.jpg 150w, https:\/\/formeduc.be\/wp-content\/uploads\/2014\/03\/apdes-218x218.jpg 218w, https:\/\/formeduc.be\/wp-content\/uploads\/2014\/03\/apdes-73x73.jpg 73w, https:\/\/formeduc.be\/wp-content\/uploads\/2014\/03\/apdes-40x40.jpg 40w, https:\/\/formeduc.be\/wp-content\/uploads\/2014\/03\/apdes-184x184.jpg 184w, https:\/\/formeduc.be\/wp-content\/uploads\/2014\/03\/apdes.jpg 379w\" sizes=\"auto, (max-width: 244px) 100vw, 244px\" \/><\/a><\/h2>\n<div id=\"yui_3_16_0_1_1420399340836_2354\" class=\"body undoreset\" tabindex=\"0\">\n<div id=\"yui_3_16_0_1_1420399340836_2353\" class=\"email-wrapped\">\n<div id=\"yiv3224025572\">\n<div id=\"yui_3_16_0_1_1420399340836_2352\"><span id=\"yui_3_16_0_1_1420399340836_2366\" style=\"color: #3333ff;\">Rhizome est une initiative qui veut soutenir les \u00e9ducateurs dans leur action, et la r\u00e9flexion sur leurs missions et leur r\u00f4le, en favorisant la circulation des informations et des connaissances, en d\u00e9veloppant les \u00e9changes nationaux et internationaux, en participant activement \u00e0 la construction de savoirs sp\u00e9cifiques, en \u00e9tant un outil de dynamisation dans le secteur de l&rsquo;intervention socio-\u00e9ducative.\u00a0\u00bb<\/span><\/div>\n<\/div>\n<\/div>\n<\/div>\n<h2 style=\"text-align: center;\"><\/h2>\n<h2 style=\"text-align: center;\"><\/h2>\n<h2 style=\"text-align: center;\"><\/h2>\n<h2 style=\"text-align: center;\"><a href=\"http:\/\/www.apdes.be\/\"><img loading=\"lazy\" decoding=\"async\" class=\"aligncenter wp-image-261 size-medium\" src=\"http:\/\/inforef.be\/exterieurs\/formeduc_wp\/wp-content\/uploads\/2014\/03\/rhizome-296x300.png\" alt=\"rhizome\" width=\"296\" height=\"300\" srcset=\"https:\/\/formeduc.be\/wp-content\/uploads\/2014\/03\/rhizome-296x300.png 296w, https:\/\/formeduc.be\/wp-content\/uploads\/2014\/03\/rhizome-73x73.png 73w, https:\/\/formeduc.be\/wp-content\/uploads\/2014\/03\/rhizome-40x40.png 40w, https:\/\/formeduc.be\/wp-content\/uploads\/2014\/03\/rhizome.png 760w\" sizes=\"auto, (max-width: 296px) 100vw, 296px\" \/><\/a><\/h2>\n<h2 style=\"text-align: center;\"><\/h2>\n<p>&nbsp;<\/p>\n<p>&nbsp;<\/p>\n<p>&nbsp;<\/p>\n","protected":false},"excerpt":{"rendered":"<p>L\u2019APDES se veut un lieu de repr\u00e9sentation des \u00e9ducateurs sp\u00e9cialis\u00e9s. Elle se veut un lieu o\u00f9 une identit\u00e9 commune, avec les multiples facettes du m\u00e9tier, peut se construire et s\u2019\u2019unifier. On le sait, c\u2019est l\u2019appartenance \u00e0 un groupe et la construction d\u2019un discours collectif sur un m\u00e9tier qui permet sa lisibilit\u00e9 et qui donne une &hellip; <a href=\"https:\/\/formeduc.be\/?page_id=205\" class=\"more-link\">Continuer la lecture de <span class=\"screen-reader-text\">Partenaires<\/span><\/a><\/p>\n","protected":false},"author":1,"featured_media":0,"parent":0,"menu_order":0,"comment_status":"closed","ping_status":"closed","template":"","meta":{"footnotes":""},"class_list":["post-205","page","type-page","status-publish","hentry"],"_links":{"self":[{"href":"https:\/\/formeduc.be\/index.php?rest_route=\/wp\/v2\/pages\/205","targetHints":{"allow":["GET"]}}],"collection":[{"href":"https:\/\/formeduc.be\/index.php?rest_route=\/wp\/v2\/pages"}],"about":[{"href":"https:\/\/formeduc.be\/index.php?rest_route=\/wp\/v2\/types\/page"}],"author":[{"embeddable":true,"href":"https:\/\/formeduc.be\/index.php?rest_route=\/wp\/v2\/users\/1"}],"replies":[{"embeddable":true,"href":"https:\/\/formeduc.be\/index.php?rest_route=%2Fwp%2Fv2%2Fcomments&post=205"}],"version-history":[{"count":9,"href":"https:\/\/formeduc.be\/index.php?rest_route=\/wp\/v2\/pages\/205\/revisions"}],"predecessor-version":[{"id":358,"href":"https:\/\/formeduc.be\/index.php?rest_route=\/wp\/v2\/pages\/205\/revisions\/358"}],"wp:attachment":[{"href":"https:\/\/formeduc.be\/index.php?rest_route=%2Fwp%2Fv2%2Fmedia&parent=205"}],"curies":[{"name":"wp","href":"https:\/\/api.w.org\/{rel}","templated":true}]}}